{"id":581,"date":"2019-05-19T14:21:48","date_gmt":"2019-05-19T14:21:48","guid":{"rendered":"https:\/\/www.centregamma.es\/inici\/"},"modified":"2022-05-30T08:46:09","modified_gmt":"2022-05-30T08:46:09","slug":"inicio","status":"publish","type":"page","link":"https:\/\/www.centregamma.es\/es\/","title":{"rendered":"INICIO"},"content":{"rendered":"<p>[vc_row][vc_column width=\u00bb1\/3&#8243;][vc_single_image image=\u00bb566&#8243; img_size=\u00bbfull\u00bb alignment=\u00bbcenter\u00bb][\/vc_column][vc_column width=\u00bb1\/3&#8243;][\/vc_column][vc_column width=\u00bb1\/3&#8243;][\/vc_column][\/vc_row][vc_row][vc_column][vc_column_text]<span style=\"text-decoration: underline; font-weight: bold; color: #d81818; font-family: 'Arial Black'; display: initial; font-size: 20px;\">\u058e CENTRO GAMMA<\/span>[\/vc_column_text][vc_column_text]<span class=\"m-font-size-18 font-size-28\" style=\"color: #e30707; display: initial;\">\u2666<\/span>\u00a0 \u00a0<span style=\"font-size: 20px;\">Nuestro proyecto comenz\u00f3 hace 40 a\u00f1os en el barrio de Sant Gervasi (Barcelona), dedic\u00e1ndonos fundamentalmente al \u00e1mbito de la psicopedagog\u00eda y la logopedia..<br \/>\nEl a\u00f1o 2001 nos trasladamos a la ubicaci\u00f3n actual, en el barrio de Sarri\u00e0 (Barcelona), ampliando nuestra especializaci\u00f3n y atenci\u00f3n en el \u00e1rea psicol\u00f3gica, tanto infanto juvenil como adultos.<\/span>[\/vc_column_text][vc_column_text]<span class=\"m-font-size-18 font-size-28\" style=\"color: #e30707; display: initial;\">\u2666<\/span> \u00a0<span style=\"font-size: 20px;\">Nuestro prop\u00f3sito es ofrecer un servicio de ayuda, orientaci\u00f3n y acompa\u00f1amiento personal en relaci\u00f3n con el entorno: educativo, familiar, social y laboral.<\/span>[\/vc_column_text][vc_column_text]<span class=\"m-font-size-18 font-size-28\" style=\"color: #e30707; display: initial;\">\u2666<\/span> \u00a0<span style=\"font-size: 20px;\">Nuestra metodologia se basa en el desarrollo de las competencias personales, que son aquellas relacionadas con una buena adaptaci\u00f3n en los diferentes \u00e1mbitos en que se interact\u00faa (escuela, trabajo, relaciones sociales, familia, pareja, etc.) <\/span>[\/vc_column_text][vc_column_text]<span class=\"m-font-size-18 font-size-28\" style=\"color: #e30707; display: initial;\">\u2666<\/span> \u00a0<span style=\"font-size: 20px;\">Trabajamos desde el compromiso, el respeto, la profesionalidad y la humildad.<\/span>[\/vc_column_text][vc_column_text]<span style=\"color: #e30707; display: initial; font-size: 20px;\">\u00a0(El mundo hay que fabric\u00e1rselo uno mismo, hay que crear pelda\u00f1os que te suban, que te saquen del pozo. Hay que inventar la vida, porque acaba siendo verdad) \/Frase de Ana Mar\u00eda Matute (1925-2014)<\/span>[\/vc_column_text][vc_column_text]<span style=\"text-decoration: underline; font-weight: bold; color: #d81818; font-family: 'Arial Black'; display: initial; font-size: 20px;\">\u058e \u00bfQU\u00c9 HACEMOS?<\/span>[\/vc_column_text][vc_column_text]<span class=\"m-font-size-18 font-size-28\" style=\"color: #e30707; display: initial;\">\u2666<\/span> \u00a0<span style=\"font-size: 20px;\">An\u00e1lisis de problem\u00e1ticas escolares y conductuales espec\u00edficas.<\/span>[\/vc_column_text][vc_column_text]<span class=\"m-font-size-18 font-size-28\" style=\"color: #e30707; display: initial;\">\u2666<\/span> \u00a0<span style=\"font-size: 20px;\">Programas individualizados y en grupos reducidos para mejorar la adquisici\u00f3n de las competencias b\u00e1sicas pertinentes, combinando recursos verbales, l\u00fadicos, audiovisuales e inform\u00e1ticos. <\/span>[\/vc_column_text][vc_column_text]<span class=\"m-font-size-18 font-size-28\" style=\"color: #e30707; display: initial;\">\u2666<\/span> \u00a0<span style=\"font-size: 20px;\"><u>Seguimiento personal de los alumnos:<\/u><\/span>[\/vc_column_text][vc_column_text]<span style=\"font-size: 20px;\">&#8211; An\u00e1lisis del estado inicial y su evoluci\u00f3n.<br \/>\n&#8211; Entrevistas con padres y tutores.<br \/>\n&#8211; Informe psicopedag\u00f3gico.<br \/>\n&#8211; Programaci\u00f3n, para la familia y escuela de pautas y actividades con la finalidad de ir corrigiendo las dificultades de aprendizaje y las posibles inadaptaciones escolares y socio-familiares.<\/span>[\/vc_column_text][\/vc_column][\/vc_row][vc_row][vc_column][vc_empty_space][\/vc_column][\/vc_row]<\/p>\n","protected":false},"excerpt":{"rendered":"<p>[vc_row][vc_column width=\u00bb1\/3&#8243;][vc_single_image image=\u00bb566&#8243; img_size=\u00bbfull\u00bb alignment=\u00bbcenter\u00bb][\/vc_column][vc_column width=\u00bb1\/3&#8243;][\/vc_column][vc_column width=\u00bb1\/3&#8243;][\/vc_column][\/vc_row][vc_row][vc_column][vc_column_text]\u058e CENTRO GAMMA[\/vc_column_text][vc_column_text]\u2666\u00a0 \u00a0Nuestro proyecto comenz\u00f3 hace 40 a\u00f1os en el barrio de Sant Gervasi (Barcelona), dedic\u00e1ndonos fundamentalmente al \u00e1mbito de la psicopedagog\u00eda y la logopedia.. El a\u00f1o 2001 nos trasladamos a la ubicaci\u00f3n actual, en el barrio de Sarri\u00e0 (Barcelona), ampliando nuestra especializaci\u00f3n y atenci\u00f3n en el \u00e1rea&hellip;<\/p>\n","protected":false},"author":1,"featured_media":0,"parent":0,"menu_order":0,"comment_status":"closed","ping_status":"closed","template":"","meta":[],"_links":{"self":[{"href":"https:\/\/www.centregamma.es\/es\/wp-json\/wp\/v2\/pages\/581"}],"collection":[{"href":"https:\/\/www.centregamma.es\/es\/wp-json\/wp\/v2\/pages"}],"about":[{"href":"https:\/\/www.centregamma.es\/es\/wp-json\/wp\/v2\/types\/page"}],"author":[{"embeddable":true,"href":"https:\/\/www.centregamma.es\/es\/wp-json\/wp\/v2\/users\/1"}],"replies":[{"embeddable":true,"href":"https:\/\/www.centregamma.es\/es\/wp-json\/wp\/v2\/comments?post=581"}],"version-history":[{"count":4,"href":"https:\/\/www.centregamma.es\/es\/wp-json\/wp\/v2\/pages\/581\/revisions"}],"predecessor-version":[{"id":752,"href":"https:\/\/www.centregamma.es\/es\/wp-json\/wp\/v2\/pages\/581\/revisions\/752"}],"wp:attachment":[{"href":"https:\/\/www.centregamma.es\/es\/wp-json\/wp\/v2\/media?parent=581"}],"curies":[{"name":"wp","href":"https:\/\/api.w.org\/{rel}","templated":true}]}}