{"id":691,"date":"2022-04-24T19:23:47","date_gmt":"2022-04-24T19:23:47","guid":{"rendered":"https:\/\/www.centregamma.es\/newpage\/"},"modified":"2022-05-30T08:29:24","modified_gmt":"2022-05-30T08:29:24","slug":"newpage","status":"publish","type":"page","link":"https:\/\/www.centregamma.es\/es\/newpage\/","title":{"rendered":"PSICOLOGIA"},"content":{"rendered":"<p>[vc_row][vc_column width=\u00bb1\/3&#8243;][vc_single_image image=\u00bb640&#8243;][\/vc_column][vc_column width=\u00bb1\/3&#8243;][\/vc_column][vc_column width=\u00bb1\/3&#8243;][\/vc_column][\/vc_row][vc_row][vc_column][vc_column_text]<span style=\"text-decoration: underline; font-weight: bold; color: #d81818; font-family: 'Arial Black'; display: initial; font-size: 20px;\">PSICOLOG\u00cdA DE LA SALUD<\/span>[\/vc_column_text][vc_column_text]<span style=\"font-size: 20px;\">Somos un centro sanitario y trabajamos desde la psicolog\u00eda basada en la evidencia, realizando evaluaciones e intervenciones psicol\u00f3gicas sobre aquellos aspectos del comportamiento y la actividad de las personas que influyen en la promoci\u00f3n y mejora del estado general de su salud.<\/span>[\/vc_column_text][vc_column_text]<span style=\"text-decoration: underline; font-weight: bold; color: #d81818; font-family: 'Arial Black'; display: initial; font-size: 20px;\">TERAPIA FAMILIAR<\/span>[\/vc_column_text][vc_column_text]<span style=\"font-size: 20px;\">Somos profesionales que entendemos a la persona, no como un ser aislado, sino como miembro activo y reactivo de sus diferentes grupos de pertenencia, los cuales est\u00e1n actuando sobre ella e interactuando.<\/span>[\/vc_column_text][vc_column_text]<span style=\"text-decoration: underline; font-weight: bold; color: #d81818; font-family: 'Arial Black'; display: initial; font-size: 20px;\">OTROS TRATAMIENTOS :<\/span>[\/vc_column_text][vc_column_text]<span class=\"m-font-size-18 font-size-28\" style=\"color: #e30707; display: initial;\">\u06de<\/span> \u00a0<span style=\"font-size: 20px;\">InsegurIdad y baja autoestima.<\/span><\/p>\n<p><span class=\"m-font-size-18 font-size-28\" style=\"color: #e30707; display: initial;\">\u06de<\/span>\u00a0\u00a0<span style=\"font-size: 20px;\">Dificultades en la relaci\u00f3n social. Timidez.<\/span><\/p>\n<p><span class=\"m-font-size-18 font-size-28\" style=\"color: #e30707; display: initial;\">\u06de<\/span>\u00a0\u00a0<span style=\"font-size: 20px;\">Depresi\u00f3n.<\/span><\/p>\n<p><span class=\"m-font-size-18 font-size-28\" style=\"color: #e30707; display: initial;\">\u06de<\/span>\u00a0\u00a0<span style=\"font-size: 20px;\">Inestabilitad emocional.<\/span><\/p>\n<p><span class=\"m-font-size-18 font-size-28\" style=\"color: #e30707; display: initial;\">\u06de<\/span>\u00a0\u00a0<span style=\"font-size: 20px;\">Ansiedad y crisis de angustia.<\/span><\/p>\n<p><span class=\"m-font-size-18 font-size-28\" style=\"color: #e30707; display: initial;\">\u06de<\/span>\u00a0\u00a0<span style=\"font-size: 20px;\">Estr\u00e9s.<\/span><\/p>\n<p><span class=\"m-font-size-18 font-size-28\" style=\"color: #e30707; display: initial;\">\u06de<\/span>\u00a0\u00a0<span style=\"font-size: 20px;\">Problemas de adaptaci\u00f3n: cambios familiares, escolares, laborales, etc.<\/span><\/p>\n<p><span class=\"m-font-size-18 font-size-28\" style=\"color: #e30707; display: initial;\">\u06de<\/span>\u00a0\u00a0<span style=\"font-size: 20px;\">D\u00e9ficit de atenci\u00f3n.<\/span><\/p>\n<p><span class=\"m-font-size-18 font-size-28\" style=\"color: #e30707; display: initial;\">\u06de<\/span>\u00a0\u00a0<span style=\"font-size: 20px;\">Hiperactivitad.<\/span><\/p>\n<p><span class=\"m-font-size-18 font-size-28\" style=\"color: #e30707; display: initial;\">\u06de<\/span>\u00a0\u00a0<span style=\"font-size: 20px;\">Problemas de conducta.<\/span><\/p>\n<p><span class=\"m-font-size-18 font-size-28\" style=\"color: #e30707; display: initial;\">\u06de<\/span>\u00a0\u00a0<span style=\"font-size: 20px;\">Pataletas, celos,oposicionismo, negativismo.<\/span><\/p>\n<p><span class=\"m-font-size-18 font-size-28\" style=\"color: #e30707; display: initial;\">\u06de<\/span>\u00a0\u00a0<span style=\"font-size: 20px;\">Adquisici\u00f3n de h\u00e1bitos y autonom\u00eda (sue\u00f1o, comidas)<\/span><\/p>\n<p><span class=\"m-font-size-18 font-size-28\" style=\"color: #e30707; display: initial;\">\u06de<\/span>\u00a0\u00a0<span style=\"font-size: 20px;\">Control de esf\u00ednteres: enuresis y encopresis.<\/span><\/p>\n<p><span class=\"m-font-size-18 font-size-28\" style=\"color: #e30707; display: initial;\">\u06de<\/span>\u00a0\u00a0<span style=\"font-size: 20px;\">Miedos infantiles, fobias y ansietatd de separaci\u00f3n.<\/span><\/p>\n<p><span class=\"m-font-size-18 font-size-28\" style=\"color: #e30707; display: initial;\">\u06de<\/span>\u00a0\u00a0<span style=\"font-size: 20px;\">Trastornos de : personalitad, sue\u00f1o, conducta en la alimentaci\u00f3n&#8230;<\/span>[\/vc_column_text][vc_single_image image=\u00bb686&#8243; img_size=\u00bbmedium\u00bb][vc_column_text]<span style=\"color: #d81818; font-family: 'Arial'; display: initial; font-size: 20px;\">\u058e En el proceso de intervenci\u00f3n se llevan a cabo, diferentes t\u00e9cnicas y programas, dirigidos a adquirir y desarrollar recursos personales y estrategias para afrontar las dificultades, como:<\/span>[\/vc_column_text][vc_column_text]<\/p>\n<p style=\"font-size: 20px;\"><strong>&#8211; COACHING.<\/strong><br \/>\n<strong>&#8211; ENTRENAMIENTO EN HABILIDADES SOCIALES.<\/strong><br \/>\n<strong>&#8211; T\u00c9CNICAS DE RELAJACI\u00d3N.<\/strong><br \/>\n<strong>&#8211; ASESORAMIENTO A PADRES EN ESTRATEGIAS EDUCATIVAS.<\/strong><\/p>\n<p>[\/vc_column_text][\/vc_column][\/vc_row][vc_row][vc_column][vc_empty_space][\/vc_column][\/vc_row]<\/p>\n","protected":false},"excerpt":{"rendered":"<p>[vc_row][vc_column width=\u00bb1\/3&#8243;][vc_single_image image=\u00bb640&#8243;][\/vc_column][vc_column width=\u00bb1\/3&#8243;][\/vc_column][vc_column width=\u00bb1\/3&#8243;][\/vc_column][\/vc_row][vc_row][vc_column][vc_column_text]PSICOLOG\u00cdA DE LA SALUD[\/vc_column_text][vc_column_text]Somos un centro sanitario y trabajamos desde la psicolog\u00eda basada en la evidencia, realizando evaluaciones e intervenciones psicol\u00f3gicas sobre aquellos aspectos del comportamiento y la actividad de las personas que influyen en la promoci\u00f3n y mejora del estado general de su salud.[\/vc_column_text][vc_column_text]TERAPIA FAMILIAR[\/vc_column_text][vc_column_text]Somos profesionales que entendemos a la&hellip;<\/p>\n","protected":false},"author":1,"featured_media":0,"parent":0,"menu_order":0,"comment_status":"closed","ping_status":"closed","template":"","meta":[],"_links":{"self":[{"href":"https:\/\/www.centregamma.es\/es\/wp-json\/wp\/v2\/pages\/691"}],"collection":[{"href":"https:\/\/www.centregamma.es\/es\/wp-json\/wp\/v2\/pages"}],"about":[{"href":"https:\/\/www.centregamma.es\/es\/wp-json\/wp\/v2\/types\/page"}],"author":[{"embeddable":true,"href":"https:\/\/www.centregamma.es\/es\/wp-json\/wp\/v2\/users\/1"}],"replies":[{"embeddable":true,"href":"https:\/\/www.centregamma.es\/es\/wp-json\/wp\/v2\/comments?post=691"}],"version-history":[{"count":4,"href":"https:\/\/www.centregamma.es\/es\/wp-json\/wp\/v2\/pages\/691\/revisions"}],"predecessor-version":[{"id":750,"href":"https:\/\/www.centregamma.es\/es\/wp-json\/wp\/v2\/pages\/691\/revisions\/750"}],"wp:attachment":[{"href":"https:\/\/www.centregamma.es\/es\/wp-json\/wp\/v2\/media?parent=691"}],"curies":[{"name":"wp","href":"https:\/\/api.w.org\/{rel}","templated":true}]}}