{"id":703,"date":"2022-04-24T20:04:21","date_gmt":"2022-04-24T20:04:21","guid":{"rendered":"https:\/\/www.centregamma.es\/logopedia\/"},"modified":"2022-05-30T08:34:47","modified_gmt":"2022-05-30T08:34:47","slug":"logopedia","status":"publish","type":"page","link":"https:\/\/www.centregamma.es\/es\/logopedia\/","title":{"rendered":"LOGOPEDIA"},"content":{"rendered":"<p>[vc_row][vc_column width=\u00bb1\/2&#8243;][vc_single_image image=\u00bb641&#8243;][\/vc_column][vc_column width=\u00bb1\/2&#8243;][\/vc_column][\/vc_row][vc_row][vc_column][vc_column_text]<span style=\"text-decoration: underline; font-weight: bold; color: #d81818; font-family: 'Arial Black'; display: initial; font-size: 20px;\">LOGOPEDIA<\/span>[\/vc_column_text][vc_column_text]<span style=\"font-weight: bold; font-family: 'Arial Black'; display: initial; font-size: 20px;\">\u256c <u>Trastornos del habla y del lenguaje.<\/u><\/span>[\/vc_column_text][vc_column_text]<span style=\"font-weight: bold; font-family: 'Arial Black'; display: initial; font-size: 20px;\">\u256c <u>Tratamiento y prevenci\u00f3n de los trastornos de la voz.<\/u><\/span>[\/vc_column_text][vc_column_text]<span class=\"m-font-size-18 font-size-28\" style=\"color: #e30707; display: initial;\">\u00a0 \u00a0\u2666<\/span> \u00a0<span style=\"font-size: 20px;\">Diagn\u00f3stico y terapia de la patolog\u00eda vocal, con seguimiento posterior para prevenir reapariciones.<\/span>[\/vc_column_text][vc_column_text]<span style=\"font-weight: bold; font-family: 'Arial Black'; display: initial; font-size: 20px;\">\u256c <u>Terapia miofuncional:<\/u><\/span>[\/vc_column_text][vc_column_text]<span class=\"m-font-size-18 font-size-28\" style=\"color: #e30707; display: initial;\">\u00a0 \u00a0\u2666<\/span> \u00a0<span style=\"font-size: 20px;\">Como m\u00e9todo de reeducaci\u00f3n de los h\u00e1bitos orofaciales y respiratorios.<\/span>[\/vc_column_text][vc_column_text]<span style=\"font-weight: bold; font-family: 'Arial Black'; display: initial; font-size: 20px;\">\u256c <u>Tratamiento personalizado de:<\/u><\/span>[\/vc_column_text][vc_column_text]<span class=\"m-font-size-18 font-size-28\" style=\"color: #e30707; display: initial;\">\u00a0 \u00a0\u2666<\/span> \u00a0<span style=\"font-size: 20px;\">Succi\u00f3n digital.<\/span><br \/>\n<span class=\"m-font-size-18 font-size-28\" style=\"color: #e30707; display: initial;\">\u00a0 \u00a0\u2666<\/span> \u00a0<span style=\"font-size: 20px;\">Degluci\u00f3n at\u00edpica.<\/span><br \/>\n<span class=\"m-font-size-18 font-size-28\" style=\"color: #e30707; display: initial;\">\u00a0 \u00a0\u2666<\/span> \u00a0<span style=\"font-size: 20px;\">Respiraci\u00f3n oral.<\/span><br \/>\n<span class=\"m-font-size-18 font-size-28\" style=\"color: #e30707; display: initial;\">\u00a0 \u00a0\u2666<\/span> \u00a0<span style=\"font-size: 20px;\">Mala posici\u00f3n de la lengua en la degluci\u00f3n.<\/span>[\/vc_column_text][\/vc_column][\/vc_row][vc_row][vc_column][vc_empty_space][\/vc_column][\/vc_row]<\/p>\n","protected":false},"excerpt":{"rendered":"<p>[vc_row][vc_column width=\u00bb1\/2&#8243;][vc_single_image image=\u00bb641&#8243;][\/vc_column][vc_column width=\u00bb1\/2&#8243;][\/vc_column][\/vc_row][vc_row][vc_column][vc_column_text]LOGOPEDIA[\/vc_column_text][vc_column_text]\u256c Trastornos del habla y del lenguaje.[\/vc_column_text][vc_column_text]\u256c Tratamiento y prevenci\u00f3n de los trastornos de la voz.[\/vc_column_text][vc_column_text]\u00a0 \u00a0\u2666 \u00a0Diagn\u00f3stico y terapia de la patolog\u00eda vocal, con seguimiento posterior para prevenir reapariciones.[\/vc_column_text][vc_column_text]\u256c Terapia miofuncional:[\/vc_column_text][vc_column_text]\u00a0 \u00a0\u2666 \u00a0Como m\u00e9todo de reeducaci\u00f3n de los h\u00e1bitos orofaciales y respiratorios.[\/vc_column_text][vc_column_text]\u256c Tratamiento personalizado de:[\/vc_column_text][vc_column_text]\u00a0 \u00a0\u2666 \u00a0Succi\u00f3n digital. \u00a0 \u00a0\u2666 \u00a0Degluci\u00f3n&hellip;<\/p>\n","protected":false},"author":1,"featured_media":0,"parent":0,"menu_order":0,"comment_status":"closed","ping_status":"closed","template":"","meta":[],"_links":{"self":[{"href":"https:\/\/www.centregamma.es\/es\/wp-json\/wp\/v2\/pages\/703"}],"collection":[{"href":"https:\/\/www.centregamma.es\/es\/wp-json\/wp\/v2\/pages"}],"about":[{"href":"https:\/\/www.centregamma.es\/es\/wp-json\/wp\/v2\/types\/page"}],"author":[{"embeddable":true,"href":"https:\/\/www.centregamma.es\/es\/wp-json\/wp\/v2\/users\/1"}],"replies":[{"embeddable":true,"href":"https:\/\/www.centregamma.es\/es\/wp-json\/wp\/v2\/comments?post=703"}],"version-history":[{"count":2,"href":"https:\/\/www.centregamma.es\/es\/wp-json\/wp\/v2\/pages\/703\/revisions"}],"predecessor-version":[{"id":705,"href":"https:\/\/www.centregamma.es\/es\/wp-json\/wp\/v2\/pages\/703\/revisions\/705"}],"wp:attachment":[{"href":"https:\/\/www.centregamma.es\/es\/wp-json\/wp\/v2\/media?parent=703"}],"curies":[{"name":"wp","href":"https:\/\/api.w.org\/{rel}","templated":true}]}}